{"id":1097,"date":"2021-05-15T09:03:21","date_gmt":"2021-05-15T07:03:21","guid":{"rendered":"https:\/\/www.englishbooster.com\/solution\/programs\/pulse\/"},"modified":"2024-07-26T10:39:31","modified_gmt":"2024-07-26T08:39:31","slug":"pulse","status":"publish","type":"page","link":"https:\/\/www.englishbooster.com\/en\/the-programs\/programs\/pulse\/","title":{"rendered":"PULSE!"},"content":{"rendered":"","protected":false},"excerpt":{"rendered":"","protected":false},"author":2,"featured_media":0,"parent":914,"menu_order":0,"comment_status":"closed","ping_status":"closed","template":"","meta":{"inline_featured_image":false,"footnotes":""},"acf":[],"yoast_head":"<!-- This site is optimized with the Yoast SEO plugin v21.5 - https:\/\/yoast.com\/wordpress\/plugins\/seo\/ -->\n<title>PULSE! - English Booster<\/title>\n<meta name=\"description\" content=\"Formation et coaching pour prendre la parole en anglais avec confiance, clart\u00e9 et impact \u00b7 PRESENTATION ORALE \u00b7 PRISE DE PAROLE \u00b7 ANGLAIS\" \/>\n<meta name=\"robots\" content=\"index, follow, max-snippet:-1, max-image-preview:large, max-video-preview:-1\" \/>\n<link rel=\"canonical\" href=\"https:\/\/www.englishbooster.com\/en\/the-programs\/programs\/pulse\/\" \/>\n<meta property=\"og:locale\" content=\"en_US\" \/>\n<meta property=\"og:type\" content=\"article\" \/>\n<meta property=\"og:title\" content=\"PULSE! - English Booster\" \/>\n<meta property=\"og:description\" content=\"Formation et coaching pour prendre la parole en anglais avec confiance, clart\u00e9 et impact \u00b7 PRESENTATION ORALE \u00b7 PRISE DE PAROLE \u00b7 ANGLAIS\" \/>\n<meta property=\"og:url\" content=\"https:\/\/www.englishbooster.com\/en\/the-programs\/programs\/pulse\/\" \/>\n<meta property=\"og:site_name\" content=\"English Booster\" \/>\n<meta property=\"article:modified_time\" content=\"2024-07-26T08:39:31+00:00\" \/>\n<meta name=\"twitter:card\" content=\"summary_large_image\" \/>\n<script type=\"application\/ld+json\" class=\"yoast-schema-graph\">{\"@context\":\"https:\/\/schema.org\",\"@graph\":[{\"@type\":\"WebPage\",\"@id\":\"https:\/\/www.englishbooster.com\/en\/the-programs\/programs\/pulse\/\",\"url\":\"https:\/\/www.englishbooster.com\/en\/the-programs\/programs\/pulse\/\",\"name\":\"PULSE! - English Booster\",\"isPartOf\":{\"@id\":\"https:\/\/www.englishbooster.com\/fr\/#website\"},\"datePublished\":\"2021-05-15T07:03:21+00:00\",\"dateModified\":\"2024-07-26T08:39:31+00:00\",\"description\":\"Formation et coaching pour prendre la parole en anglais avec confiance, clart\u00e9 et impact \u00b7 PRESENTATION ORALE \u00b7 PRISE DE PAROLE \u00b7 ANGLAIS\",\"breadcrumb\":{\"@id\":\"https:\/\/www.englishbooster.com\/en\/the-programs\/programs\/pulse\/#breadcrumb\"},\"inLanguage\":\"en-US\",\"potentialAction\":[{\"@type\":\"ReadAction\",\"target\":[\"https:\/\/www.englishbooster.com\/en\/the-programs\/programs\/pulse\/\"]}]},{\"@type\":\"BreadcrumbList\",\"@id\":\"https:\/\/www.englishbooster.com\/en\/the-programs\/programs\/pulse\/#breadcrumb\",\"itemListElement\":[{\"@type\":\"ListItem\",\"position\":1,\"name\":\"Home\",\"item\":\"https:\/\/www.englishbooster.com\/en\/\"},{\"@type\":\"ListItem\",\"position\":2,\"name\":\"The programs\",\"item\":\"https:\/\/www.englishbooster.com\/en\/the-programs\/\"},{\"@type\":\"ListItem\",\"position\":3,\"name\":\"Programs\",\"item\":\"https:\/\/www.englishbooster.com\/en\/the-programs\/programs\/\"},{\"@type\":\"ListItem\",\"position\":4,\"name\":\"PULSE!\"}]},{\"@type\":\"WebSite\",\"@id\":\"https:\/\/www.englishbooster.com\/fr\/#website\",\"url\":\"https:\/\/www.englishbooster.com\/fr\/\",\"name\":\"English Booster\",\"description\":\"Formation &amp; Coaching | Prise de parole en anglais | Confiance \u00e0 l&#039;oral en anglais | R\u00e9unions, Calls, Pr\u00e9sentations en anglais\",\"potentialAction\":[{\"@type\":\"SearchAction\",\"target\":{\"@type\":\"EntryPoint\",\"urlTemplate\":\"https:\/\/www.englishbooster.com\/fr\/?s={search_term_string}\"},\"query-input\":\"required name=search_term_string\"}],\"inLanguage\":\"en-US\"}]}<\/script>\n<!-- \/ Yoast SEO plugin. -->","yoast_head_json":{"title":"PULSE! - English Booster","description":"Formation et coaching pour prendre la parole en anglais avec confiance, clart\u00e9 et impact \u00b7 PRESENTATION ORALE \u00b7 PRISE DE PAROLE \u00b7 ANGLAIS","robots":{"index":"index","follow":"follow","max-snippet":"max-snippet:-1","max-image-preview":"max-image-preview:large","max-video-preview":"max-video-preview:-1"},"canonical":"https:\/\/www.englishbooster.com\/en\/the-programs\/programs\/pulse\/","og_locale":"en_US","og_type":"article","og_title":"PULSE! - English Booster","og_description":"Formation et coaching pour prendre la parole en anglais avec confiance, clart\u00e9 et impact \u00b7 PRESENTATION ORALE \u00b7 PRISE DE PAROLE \u00b7 ANGLAIS","og_url":"https:\/\/www.englishbooster.com\/en\/the-programs\/programs\/pulse\/","og_site_name":"English Booster","article_modified_time":"2024-07-26T08:39:31+00:00","twitter_card":"summary_large_image","schema":{"@context":"https:\/\/schema.org","@graph":[{"@type":"WebPage","@id":"https:\/\/www.englishbooster.com\/en\/the-programs\/programs\/pulse\/","url":"https:\/\/www.englishbooster.com\/en\/the-programs\/programs\/pulse\/","name":"PULSE! - English Booster","isPartOf":{"@id":"https:\/\/www.englishbooster.com\/fr\/#website"},"datePublished":"2021-05-15T07:03:21+00:00","dateModified":"2024-07-26T08:39:31+00:00","description":"Formation et coaching pour prendre la parole en anglais avec confiance, clart\u00e9 et impact \u00b7 PRESENTATION ORALE \u00b7 PRISE DE PAROLE \u00b7 ANGLAIS","breadcrumb":{"@id":"https:\/\/www.englishbooster.com\/en\/the-programs\/programs\/pulse\/#breadcrumb"},"inLanguage":"en-US","potentialAction":[{"@type":"ReadAction","target":["https:\/\/www.englishbooster.com\/en\/the-programs\/programs\/pulse\/"]}]},{"@type":"BreadcrumbList","@id":"https:\/\/www.englishbooster.com\/en\/the-programs\/programs\/pulse\/#breadcrumb","itemListElement":[{"@type":"ListItem","position":1,"name":"Home","item":"https:\/\/www.englishbooster.com\/en\/"},{"@type":"ListItem","position":2,"name":"The programs","item":"https:\/\/www.englishbooster.com\/en\/the-programs\/"},{"@type":"ListItem","position":3,"name":"Programs","item":"https:\/\/www.englishbooster.com\/en\/the-programs\/programs\/"},{"@type":"ListItem","position":4,"name":"PULSE!"}]},{"@type":"WebSite","@id":"https:\/\/www.englishbooster.com\/fr\/#website","url":"https:\/\/www.englishbooster.com\/fr\/","name":"English Booster","description":"Formation &amp; Coaching | Prise de parole en anglais | Confiance \u00e0 l&#039;oral en anglais | R\u00e9unions, Calls, Pr\u00e9sentations en anglais","potentialAction":[{"@type":"SearchAction","target":{"@type":"EntryPoint","urlTemplate":"https:\/\/www.englishbooster.com\/fr\/?s={search_term_string}"},"query-input":"required name=search_term_string"}],"inLanguage":"en-US"}]}},"_links":{"self":[{"href":"https:\/\/www.englishbooster.com\/en\/wp-json\/wp\/v2\/pages\/1097"}],"collection":[{"href":"https:\/\/www.englishbooster.com\/en\/wp-json\/wp\/v2\/pages"}],"about":[{"href":"https:\/\/www.englishbooster.com\/en\/wp-json\/wp\/v2\/types\/page"}],"author":[{"embeddable":true,"href":"https:\/\/www.englishbooster.com\/en\/wp-json\/wp\/v2\/users\/2"}],"replies":[{"embeddable":true,"href":"https:\/\/www.englishbooster.com\/en\/wp-json\/wp\/v2\/comments?post=1097"}],"version-history":[{"count":8,"href":"https:\/\/www.englishbooster.com\/en\/wp-json\/wp\/v2\/pages\/1097\/revisions"}],"predecessor-version":[{"id":1603,"href":"https:\/\/www.englishbooster.com\/en\/wp-json\/wp\/v2\/pages\/1097\/revisions\/1603"}],"up":[{"embeddable":true,"href":"https:\/\/www.englishbooster.com\/en\/wp-json\/wp\/v2\/pages\/914"}],"wp:attachment":[{"href":"https:\/\/www.englishbooster.com\/en\/wp-json\/wp\/v2\/media?parent=1097"}],"curies":[{"name":"wp","href":"https:\/\/api.w.org\/{rel}","templated":true}]}}