{"id":1239,"date":"2021-05-14T17:02:07","date_gmt":"2021-05-14T15:02:07","guid":{"rendered":"https:\/\/www.englishbooster.com\/mentions-legales-politique-confidentialite\/"},"modified":"2024-06-20T17:53:38","modified_gmt":"2024-06-20T15:53:38","slug":"mentions-legales-politique-confidentialite","status":"publish","type":"page","link":"https:\/\/www.englishbooster.com\/en\/mentions-legales-politique-confidentialite\/","title":{"rendered":"Mentions l\u00e9gales et politique de confidentialit\u00e9 \u00a9 2020-2023 EnglishBooster SARL \u00b7 Tous droits r\u00e9serv\u00e9s \u00b7 Derni\u00e8re mise \u00e0 jour : 06\/01\/2023"},"content":{"rendered":"","protected":false},"excerpt":{"rendered":"","protected":false},"author":2,"featured_media":0,"parent":0,"menu_order":30,"comment_status":"closed","ping_status":"closed","template":"","meta":{"inline_featured_image":false,"footnotes":""},"acf":[],"yoast_head":"<!-- This site is optimized with the Yoast SEO plugin v21.5 - https:\/\/yoast.com\/wordpress\/plugins\/seo\/ -->\n<title>Mentions l\u00e9gales et politique de confidentialit\u00e9 \u00a9 2020-2023 EnglishBooster SARL \u00b7 Tous droits r\u00e9serv\u00e9s \u00b7 Derni\u00e8re mise \u00e0 jour : 06\/01\/2023 - English Booster<\/title>\n<meta name=\"robots\" content=\"index, follow, max-snippet:-1, max-image-preview:large, max-video-preview:-1\" \/>\n<link rel=\"canonical\" href=\"https:\/\/www.englishbooster.com\/en\/mentions-legales-politique-confidentialite\/\" \/>\n<meta property=\"og:locale\" content=\"en_US\" \/>\n<meta property=\"og:type\" content=\"article\" \/>\n<meta property=\"og:title\" content=\"Mentions l\u00e9gales et politique de confidentialit\u00e9 \u00a9 2020-2023 EnglishBooster SARL \u00b7 Tous droits r\u00e9serv\u00e9s \u00b7 Derni\u00e8re mise \u00e0 jour : 06\/01\/2023 - English Booster\" \/>\n<meta property=\"og:url\" content=\"https:\/\/www.englishbooster.com\/en\/mentions-legales-politique-confidentialite\/\" \/>\n<meta property=\"og:site_name\" content=\"English Booster\" \/>\n<meta property=\"article:modified_time\" content=\"2024-06-20T15:53:38+00:00\" \/>\n<meta name=\"twitter:card\" content=\"summary_large_image\" \/>\n<script type=\"application\/ld+json\" class=\"yoast-schema-graph\">{\"@context\":\"https:\/\/schema.org\",\"@graph\":[{\"@type\":\"WebPage\",\"@id\":\"https:\/\/www.englishbooster.com\/en\/mentions-legales-politique-confidentialite\/\",\"url\":\"https:\/\/www.englishbooster.com\/en\/mentions-legales-politique-confidentialite\/\",\"name\":\"Mentions l\u00e9gales et politique de confidentialit\u00e9 \u00a9 2020-2023 EnglishBooster SARL \u00b7 Tous droits r\u00e9serv\u00e9s \u00b7 Derni\u00e8re mise \u00e0 jour : 06\/01\/2023 - English Booster\",\"isPartOf\":{\"@id\":\"https:\/\/www.englishbooster.com\/fr\/#website\"},\"datePublished\":\"2021-05-14T15:02:07+00:00\",\"dateModified\":\"2024-06-20T15:53:38+00:00\",\"breadcrumb\":{\"@id\":\"https:\/\/www.englishbooster.com\/en\/mentions-legales-politique-confidentialite\/#breadcrumb\"},\"inLanguage\":\"en-US\",\"potentialAction\":[{\"@type\":\"ReadAction\",\"target\":[\"https:\/\/www.englishbooster.com\/en\/mentions-legales-politique-confidentialite\/\"]}]},{\"@type\":\"BreadcrumbList\",\"@id\":\"https:\/\/www.englishbooster.com\/en\/mentions-legales-politique-confidentialite\/#breadcrumb\",\"itemListElement\":[{\"@type\":\"ListItem\",\"position\":1,\"name\":\"Home\",\"item\":\"https:\/\/www.englishbooster.com\/en\/\"},{\"@type\":\"ListItem\",\"position\":2,\"name\":\"Mentions l\u00e9gales et politique de confidentialit\u00e9 \u00a9 2020-2023 EnglishBooster SARL \u00b7 Tous droits r\u00e9serv\u00e9s \u00b7 Derni\u00e8re mise \u00e0 jour : 06\/01\/2023\"}]},{\"@type\":\"WebSite\",\"@id\":\"https:\/\/www.englishbooster.com\/fr\/#website\",\"url\":\"https:\/\/www.englishbooster.com\/fr\/\",\"name\":\"English Booster\",\"description\":\"Formation &amp; Coaching | Prise de parole en anglais | Confiance \u00e0 l&#039;oral en anglais | R\u00e9unions, Calls, Pr\u00e9sentations en anglais\",\"potentialAction\":[{\"@type\":\"SearchAction\",\"target\":{\"@type\":\"EntryPoint\",\"urlTemplate\":\"https:\/\/www.englishbooster.com\/fr\/?s={search_term_string}\"},\"query-input\":\"required name=search_term_string\"}],\"inLanguage\":\"en-US\"}]}<\/script>\n<!-- \/ Yoast SEO plugin. -->","yoast_head_json":{"title":"Mentions l\u00e9gales et politique de confidentialit\u00e9 \u00a9 2020-2023 EnglishBooster SARL \u00b7 Tous droits r\u00e9serv\u00e9s \u00b7 Derni\u00e8re mise \u00e0 jour : 06\/01\/2023 - English Booster","robots":{"index":"index","follow":"follow","max-snippet":"max-snippet:-1","max-image-preview":"max-image-preview:large","max-video-preview":"max-video-preview:-1"},"canonical":"https:\/\/www.englishbooster.com\/en\/mentions-legales-politique-confidentialite\/","og_locale":"en_US","og_type":"article","og_title":"Mentions l\u00e9gales et politique de confidentialit\u00e9 \u00a9 2020-2023 EnglishBooster SARL \u00b7 Tous droits r\u00e9serv\u00e9s \u00b7 Derni\u00e8re mise \u00e0 jour : 06\/01\/2023 - English Booster","og_url":"https:\/\/www.englishbooster.com\/en\/mentions-legales-politique-confidentialite\/","og_site_name":"English Booster","article_modified_time":"2024-06-20T15:53:38+00:00","twitter_card":"summary_large_image","schema":{"@context":"https:\/\/schema.org","@graph":[{"@type":"WebPage","@id":"https:\/\/www.englishbooster.com\/en\/mentions-legales-politique-confidentialite\/","url":"https:\/\/www.englishbooster.com\/en\/mentions-legales-politique-confidentialite\/","name":"Mentions l\u00e9gales et politique de confidentialit\u00e9 \u00a9 2020-2023 EnglishBooster SARL \u00b7 Tous droits r\u00e9serv\u00e9s \u00b7 Derni\u00e8re mise \u00e0 jour : 06\/01\/2023 - English Booster","isPartOf":{"@id":"https:\/\/www.englishbooster.com\/fr\/#website"},"datePublished":"2021-05-14T15:02:07+00:00","dateModified":"2024-06-20T15:53:38+00:00","breadcrumb":{"@id":"https:\/\/www.englishbooster.com\/en\/mentions-legales-politique-confidentialite\/#breadcrumb"},"inLanguage":"en-US","potentialAction":[{"@type":"ReadAction","target":["https:\/\/www.englishbooster.com\/en\/mentions-legales-politique-confidentialite\/"]}]},{"@type":"BreadcrumbList","@id":"https:\/\/www.englishbooster.com\/en\/mentions-legales-politique-confidentialite\/#breadcrumb","itemListElement":[{"@type":"ListItem","position":1,"name":"Home","item":"https:\/\/www.englishbooster.com\/en\/"},{"@type":"ListItem","position":2,"name":"Mentions l\u00e9gales et politique de confidentialit\u00e9 \u00a9 2020-2023 EnglishBooster SARL \u00b7 Tous droits r\u00e9serv\u00e9s \u00b7 Derni\u00e8re mise \u00e0 jour : 06\/01\/2023"}]},{"@type":"WebSite","@id":"https:\/\/www.englishbooster.com\/fr\/#website","url":"https:\/\/www.englishbooster.com\/fr\/","name":"English Booster","description":"Formation &amp; Coaching | Prise de parole en anglais | Confiance \u00e0 l&#039;oral en anglais | R\u00e9unions, Calls, Pr\u00e9sentations en anglais","potentialAction":[{"@type":"SearchAction","target":{"@type":"EntryPoint","urlTemplate":"https:\/\/www.englishbooster.com\/fr\/?s={search_term_string}"},"query-input":"required name=search_term_string"}],"inLanguage":"en-US"}]}},"_links":{"self":[{"href":"https:\/\/www.englishbooster.com\/en\/wp-json\/wp\/v2\/pages\/1239"}],"collection":[{"href":"https:\/\/www.englishbooster.com\/en\/wp-json\/wp\/v2\/pages"}],"about":[{"href":"https:\/\/www.englishbooster.com\/en\/wp-json\/wp\/v2\/types\/page"}],"author":[{"embeddable":true,"href":"https:\/\/www.englishbooster.com\/en\/wp-json\/wp\/v2\/users\/2"}],"replies":[{"embeddable":true,"href":"https:\/\/www.englishbooster.com\/en\/wp-json\/wp\/v2\/comments?post=1239"}],"version-history":[{"count":2,"href":"https:\/\/www.englishbooster.com\/en\/wp-json\/wp\/v2\/pages\/1239\/revisions"}],"predecessor-version":[{"id":1266,"href":"https:\/\/www.englishbooster.com\/en\/wp-json\/wp\/v2\/pages\/1239\/revisions\/1266"}],"wp:attachment":[{"href":"https:\/\/www.englishbooster.com\/en\/wp-json\/wp\/v2\/media?parent=1239"}],"curies":[{"name":"wp","href":"https:\/\/api.w.org\/{rel}","templated":true}]}}