{"id":1347,"date":"2024-07-04T09:15:01","date_gmt":"2024-07-04T07:15:01","guid":{"rendered":"https:\/\/www.englishbooster.com\/?page_id=1347"},"modified":"2025-06-05T11:30:42","modified_gmt":"2025-06-05T09:30:42","slug":"who-are-we","status":"publish","type":"page","link":"https:\/\/www.englishbooster.com\/en\/who-are-we\/","title":{"rendered":"Who Are We?"},"content":{"rendered":"","protected":false},"excerpt":{"rendered":"","protected":false},"author":2,"featured_media":0,"parent":0,"menu_order":10,"comment_status":"closed","ping_status":"closed","template":"","meta":{"inline_featured_image":false,"footnotes":""},"acf":[],"yoast_head":"<!-- This site is optimized with the Yoast SEO plugin v21.5 - https:\/\/yoast.com\/wordpress\/plugins\/seo\/ -->\n<title>Who Are We? - English Booster<\/title>\n<meta name=\"robots\" content=\"index, follow, max-snippet:-1, max-image-preview:large, max-video-preview:-1\" \/>\n<link rel=\"canonical\" href=\"https:\/\/www.englishbooster.com\/en\/who-are-we\/\" \/>\n<meta property=\"og:locale\" content=\"en_US\" \/>\n<meta property=\"og:type\" content=\"article\" \/>\n<meta property=\"og:title\" content=\"Who Are We? - English Booster\" \/>\n<meta property=\"og:url\" content=\"https:\/\/www.englishbooster.com\/en\/who-are-we\/\" \/>\n<meta property=\"og:site_name\" content=\"English Booster\" \/>\n<meta property=\"article:modified_time\" content=\"2025-06-05T09:30:42+00:00\" \/>\n<meta name=\"twitter:card\" content=\"summary_large_image\" \/>\n<script type=\"application\/ld+json\" class=\"yoast-schema-graph\">{\"@context\":\"https:\/\/schema.org\",\"@graph\":[{\"@type\":\"WebPage\",\"@id\":\"https:\/\/www.englishbooster.com\/en\/who-are-we\/\",\"url\":\"https:\/\/www.englishbooster.com\/en\/who-are-we\/\",\"name\":\"Who Are We? - English Booster\",\"isPartOf\":{\"@id\":\"https:\/\/www.englishbooster.com\/fr\/#website\"},\"datePublished\":\"2024-07-04T07:15:01+00:00\",\"dateModified\":\"2025-06-05T09:30:42+00:00\",\"breadcrumb\":{\"@id\":\"https:\/\/www.englishbooster.com\/en\/who-are-we\/#breadcrumb\"},\"inLanguage\":\"en-US\",\"potentialAction\":[{\"@type\":\"ReadAction\",\"target\":[\"https:\/\/www.englishbooster.com\/en\/who-are-we\/\"]}]},{\"@type\":\"BreadcrumbList\",\"@id\":\"https:\/\/www.englishbooster.com\/en\/who-are-we\/#breadcrumb\",\"itemListElement\":[{\"@type\":\"ListItem\",\"position\":1,\"name\":\"Home\",\"item\":\"https:\/\/www.englishbooster.com\/en\/\"},{\"@type\":\"ListItem\",\"position\":2,\"name\":\"Who Are We?\"}]},{\"@type\":\"WebSite\",\"@id\":\"https:\/\/www.englishbooster.com\/fr\/#website\",\"url\":\"https:\/\/www.englishbooster.com\/fr\/\",\"name\":\"English Booster\",\"description\":\"Formation &amp; Coaching | Prise de parole en anglais | Confiance \u00e0 l&#039;oral en anglais | R\u00e9unions, Calls, Pr\u00e9sentations en anglais\",\"potentialAction\":[{\"@type\":\"SearchAction\",\"target\":{\"@type\":\"EntryPoint\",\"urlTemplate\":\"https:\/\/www.englishbooster.com\/fr\/?s={search_term_string}\"},\"query-input\":\"required name=search_term_string\"}],\"inLanguage\":\"en-US\"}]}<\/script>\n<!-- \/ Yoast SEO plugin. -->","yoast_head_json":{"title":"Who Are We? - English Booster","robots":{"index":"index","follow":"follow","max-snippet":"max-snippet:-1","max-image-preview":"max-image-preview:large","max-video-preview":"max-video-preview:-1"},"canonical":"https:\/\/www.englishbooster.com\/en\/who-are-we\/","og_locale":"en_US","og_type":"article","og_title":"Who Are We? - English Booster","og_url":"https:\/\/www.englishbooster.com\/en\/who-are-we\/","og_site_name":"English Booster","article_modified_time":"2025-06-05T09:30:42+00:00","twitter_card":"summary_large_image","schema":{"@context":"https:\/\/schema.org","@graph":[{"@type":"WebPage","@id":"https:\/\/www.englishbooster.com\/en\/who-are-we\/","url":"https:\/\/www.englishbooster.com\/en\/who-are-we\/","name":"Who Are We? - English Booster","isPartOf":{"@id":"https:\/\/www.englishbooster.com\/fr\/#website"},"datePublished":"2024-07-04T07:15:01+00:00","dateModified":"2025-06-05T09:30:42+00:00","breadcrumb":{"@id":"https:\/\/www.englishbooster.com\/en\/who-are-we\/#breadcrumb"},"inLanguage":"en-US","potentialAction":[{"@type":"ReadAction","target":["https:\/\/www.englishbooster.com\/en\/who-are-we\/"]}]},{"@type":"BreadcrumbList","@id":"https:\/\/www.englishbooster.com\/en\/who-are-we\/#breadcrumb","itemListElement":[{"@type":"ListItem","position":1,"name":"Home","item":"https:\/\/www.englishbooster.com\/en\/"},{"@type":"ListItem","position":2,"name":"Who Are We?"}]},{"@type":"WebSite","@id":"https:\/\/www.englishbooster.com\/fr\/#website","url":"https:\/\/www.englishbooster.com\/fr\/","name":"English Booster","description":"Formation &amp; Coaching | Prise de parole en anglais | Confiance \u00e0 l&#039;oral en anglais | R\u00e9unions, Calls, Pr\u00e9sentations en anglais","potentialAction":[{"@type":"SearchAction","target":{"@type":"EntryPoint","urlTemplate":"https:\/\/www.englishbooster.com\/fr\/?s={search_term_string}"},"query-input":"required name=search_term_string"}],"inLanguage":"en-US"}]}},"_links":{"self":[{"href":"https:\/\/www.englishbooster.com\/en\/wp-json\/wp\/v2\/pages\/1347"}],"collection":[{"href":"https:\/\/www.englishbooster.com\/en\/wp-json\/wp\/v2\/pages"}],"about":[{"href":"https:\/\/www.englishbooster.com\/en\/wp-json\/wp\/v2\/types\/page"}],"author":[{"embeddable":true,"href":"https:\/\/www.englishbooster.com\/en\/wp-json\/wp\/v2\/users\/2"}],"replies":[{"embeddable":true,"href":"https:\/\/www.englishbooster.com\/en\/wp-json\/wp\/v2\/comments?post=1347"}],"version-history":[{"count":9,"href":"https:\/\/www.englishbooster.com\/en\/wp-json\/wp\/v2\/pages\/1347\/revisions"}],"predecessor-version":[{"id":1847,"href":"https:\/\/www.englishbooster.com\/en\/wp-json\/wp\/v2\/pages\/1347\/revisions\/1847"}],"wp:attachment":[{"href":"https:\/\/www.englishbooster.com\/en\/wp-json\/wp\/v2\/media?parent=1347"}],"curies":[{"name":"wp","href":"https:\/\/api.w.org\/{rel}","templated":true}]}}