{"id":1371,"date":"2023-07-01T16:10:17","date_gmt":"2023-07-01T14:10:17","guid":{"rendered":"https:\/\/www.englishbooster.com\/los-programas\/other-languages\/"},"modified":"2024-07-26T10:57:31","modified_gmt":"2024-07-26T08:57:31","slug":"other-languages","status":"publish","type":"page","link":"https:\/\/www.englishbooster.com\/es\/los-programas\/other-languages\/","title":{"rendered":"Otros idiomas"},"content":{"rendered":"","protected":false},"excerpt":{"rendered":"","protected":false},"author":2,"featured_media":0,"parent":1358,"menu_order":0,"comment_status":"closed","ping_status":"closed","template":"","meta":{"inline_featured_image":false,"footnotes":""},"acf":[],"yoast_head":"<!-- This site is optimized with the Yoast SEO plugin v21.5 - https:\/\/yoast.com\/wordpress\/plugins\/seo\/ -->\n<title>Otros idiomas - English Booster<\/title>\n<meta name=\"robots\" content=\"index, follow, max-snippet:-1, max-image-preview:large, max-video-preview:-1\" \/>\n<link rel=\"canonical\" href=\"https:\/\/www.englishbooster.com\/es\/los-programas\/other-languages\/\" \/>\n<meta property=\"og:locale\" content=\"es_ES\" \/>\n<meta property=\"og:type\" content=\"article\" \/>\n<meta property=\"og:title\" content=\"Otros idiomas - English Booster\" \/>\n<meta property=\"og:url\" content=\"https:\/\/www.englishbooster.com\/es\/los-programas\/other-languages\/\" \/>\n<meta property=\"og:site_name\" content=\"English Booster\" \/>\n<meta property=\"article:modified_time\" content=\"2024-07-26T08:57:31+00:00\" \/>\n<meta name=\"twitter:card\" content=\"summary_large_image\" \/>\n<script type=\"application\/ld+json\" class=\"yoast-schema-graph\">{\"@context\":\"https:\/\/schema.org\",\"@graph\":[{\"@type\":\"WebPage\",\"@id\":\"https:\/\/www.englishbooster.com\/es\/los-programas\/other-languages\/\",\"url\":\"https:\/\/www.englishbooster.com\/es\/los-programas\/other-languages\/\",\"name\":\"Otros idiomas - English Booster\",\"isPartOf\":{\"@id\":\"https:\/\/www.englishbooster.com\/fr\/#website\"},\"datePublished\":\"2023-07-01T14:10:17+00:00\",\"dateModified\":\"2024-07-26T08:57:31+00:00\",\"breadcrumb\":{\"@id\":\"https:\/\/www.englishbooster.com\/es\/los-programas\/other-languages\/#breadcrumb\"},\"inLanguage\":\"es\",\"potentialAction\":[{\"@type\":\"ReadAction\",\"target\":[\"https:\/\/www.englishbooster.com\/es\/los-programas\/other-languages\/\"]}]},{\"@type\":\"BreadcrumbList\",\"@id\":\"https:\/\/www.englishbooster.com\/es\/los-programas\/other-languages\/#breadcrumb\",\"itemListElement\":[{\"@type\":\"ListItem\",\"position\":1,\"name\":\"Accueil\",\"item\":\"https:\/\/www.englishbooster.com\/es\/\"},{\"@type\":\"ListItem\",\"position\":2,\"name\":\"Los programas\",\"item\":\"https:\/\/www.englishbooster.com\/es\/los-programas\/\"},{\"@type\":\"ListItem\",\"position\":3,\"name\":\"Otros idiomas\"}]},{\"@type\":\"WebSite\",\"@id\":\"https:\/\/www.englishbooster.com\/fr\/#website\",\"url\":\"https:\/\/www.englishbooster.com\/fr\/\",\"name\":\"English Booster\",\"description\":\"Formation &amp; Coaching | Prise de parole en anglais | Confiance \u00e0 l&#039;oral en anglais | R\u00e9unions, Calls, Pr\u00e9sentations en anglais\",\"potentialAction\":[{\"@type\":\"SearchAction\",\"target\":{\"@type\":\"EntryPoint\",\"urlTemplate\":\"https:\/\/www.englishbooster.com\/fr\/?s={search_term_string}\"},\"query-input\":\"required name=search_term_string\"}],\"inLanguage\":\"es\"}]}<\/script>\n<!-- \/ Yoast SEO plugin. -->","yoast_head_json":{"title":"Otros idiomas - English Booster","robots":{"index":"index","follow":"follow","max-snippet":"max-snippet:-1","max-image-preview":"max-image-preview:large","max-video-preview":"max-video-preview:-1"},"canonical":"https:\/\/www.englishbooster.com\/es\/los-programas\/other-languages\/","og_locale":"es_ES","og_type":"article","og_title":"Otros idiomas - English Booster","og_url":"https:\/\/www.englishbooster.com\/es\/los-programas\/other-languages\/","og_site_name":"English Booster","article_modified_time":"2024-07-26T08:57:31+00:00","twitter_card":"summary_large_image","schema":{"@context":"https:\/\/schema.org","@graph":[{"@type":"WebPage","@id":"https:\/\/www.englishbooster.com\/es\/los-programas\/other-languages\/","url":"https:\/\/www.englishbooster.com\/es\/los-programas\/other-languages\/","name":"Otros idiomas - English Booster","isPartOf":{"@id":"https:\/\/www.englishbooster.com\/fr\/#website"},"datePublished":"2023-07-01T14:10:17+00:00","dateModified":"2024-07-26T08:57:31+00:00","breadcrumb":{"@id":"https:\/\/www.englishbooster.com\/es\/los-programas\/other-languages\/#breadcrumb"},"inLanguage":"es","potentialAction":[{"@type":"ReadAction","target":["https:\/\/www.englishbooster.com\/es\/los-programas\/other-languages\/"]}]},{"@type":"BreadcrumbList","@id":"https:\/\/www.englishbooster.com\/es\/los-programas\/other-languages\/#breadcrumb","itemListElement":[{"@type":"ListItem","position":1,"name":"Accueil","item":"https:\/\/www.englishbooster.com\/es\/"},{"@type":"ListItem","position":2,"name":"Los programas","item":"https:\/\/www.englishbooster.com\/es\/los-programas\/"},{"@type":"ListItem","position":3,"name":"Otros idiomas"}]},{"@type":"WebSite","@id":"https:\/\/www.englishbooster.com\/fr\/#website","url":"https:\/\/www.englishbooster.com\/fr\/","name":"English Booster","description":"Formation &amp; Coaching | Prise de parole en anglais | Confiance \u00e0 l&#039;oral en anglais | R\u00e9unions, Calls, Pr\u00e9sentations en anglais","potentialAction":[{"@type":"SearchAction","target":{"@type":"EntryPoint","urlTemplate":"https:\/\/www.englishbooster.com\/fr\/?s={search_term_string}"},"query-input":"required name=search_term_string"}],"inLanguage":"es"}]}},"_links":{"self":[{"href":"https:\/\/www.englishbooster.com\/es\/wp-json\/wp\/v2\/pages\/1371"}],"collection":[{"href":"https:\/\/www.englishbooster.com\/es\/wp-json\/wp\/v2\/pages"}],"about":[{"href":"https:\/\/www.englishbooster.com\/es\/wp-json\/wp\/v2\/types\/page"}],"author":[{"embeddable":true,"href":"https:\/\/www.englishbooster.com\/es\/wp-json\/wp\/v2\/users\/2"}],"replies":[{"embeddable":true,"href":"https:\/\/www.englishbooster.com\/es\/wp-json\/wp\/v2\/comments?post=1371"}],"version-history":[{"count":8,"href":"https:\/\/www.englishbooster.com\/es\/wp-json\/wp\/v2\/pages\/1371\/revisions"}],"predecessor-version":[{"id":1617,"href":"https:\/\/www.englishbooster.com\/es\/wp-json\/wp\/v2\/pages\/1371\/revisions\/1617"}],"up":[{"embeddable":true,"href":"https:\/\/www.englishbooster.com\/es\/wp-json\/wp\/v2\/pages\/1358"}],"wp:attachment":[{"href":"https:\/\/www.englishbooster.com\/es\/wp-json\/wp\/v2\/media?parent=1371"}],"curies":[{"name":"wp","href":"https:\/\/api.w.org\/{rel}","templated":true}]}}