{"id":127,"date":"2021-03-14T12:09:47","date_gmt":"2021-03-14T11:09:47","guid":{"rendered":"https:\/\/www.englishbooster.com\/?page_id=127"},"modified":"2026-01-12T13:15:02","modified_gmt":"2026-01-12T12:15:02","slug":"programmes","status":"publish","type":"page","link":"https:\/\/www.englishbooster.com\/fr\/offres\/programmes\/","title":{"rendered":"Les programmes"},"content":{"rendered":"","protected":false},"excerpt":{"rendered":"","protected":false},"author":1,"featured_media":0,"parent":15,"menu_order":1,"comment_status":"closed","ping_status":"closed","template":"","meta":{"inline_featured_image":false,"footnotes":""},"acf":[],"yoast_head":"<!-- This site is optimized with the Yoast SEO plugin v21.5 - https:\/\/yoast.com\/wordpress\/plugins\/seo\/ -->\n<title>Les programmes - English Booster<\/title>\n<meta name=\"description\" content=\"Aper\u00e7u global des programmes de formation et coaching d&#039;EnglishBooster pour booster ses comp\u00e9tences de communication \u00e0 l&#039;oral en anglais\" \/>\n<meta name=\"robots\" content=\"index, follow, max-snippet:-1, max-image-preview:large, max-video-preview:-1\" \/>\n<link rel=\"canonical\" href=\"https:\/\/www.englishbooster.com\/fr\/offres\/programmes\/\" \/>\n<meta property=\"og:locale\" content=\"fr_FR\" \/>\n<meta property=\"og:type\" content=\"article\" \/>\n<meta property=\"og:title\" content=\"Les programmes - English Booster\" \/>\n<meta property=\"og:description\" content=\"Aper\u00e7u global des programmes de formation et coaching d&#039;EnglishBooster pour booster ses comp\u00e9tences de communication \u00e0 l&#039;oral en anglais\" \/>\n<meta property=\"og:url\" content=\"https:\/\/www.englishbooster.com\/fr\/offres\/programmes\/\" \/>\n<meta property=\"og:site_name\" content=\"English Booster\" \/>\n<meta property=\"article:modified_time\" content=\"2026-01-12T12:15:02+00:00\" \/>\n<meta name=\"twitter:card\" content=\"summary_large_image\" \/>\n<script type=\"application\/ld+json\" class=\"yoast-schema-graph\">{\"@context\":\"https:\/\/schema.org\",\"@graph\":[{\"@type\":\"WebPage\",\"@id\":\"https:\/\/www.englishbooster.com\/fr\/offres\/programmes\/\",\"url\":\"https:\/\/www.englishbooster.com\/fr\/offres\/programmes\/\",\"name\":\"Les programmes - English Booster\",\"isPartOf\":{\"@id\":\"https:\/\/www.englishbooster.com\/fr\/#website\"},\"datePublished\":\"2021-03-14T11:09:47+00:00\",\"dateModified\":\"2026-01-12T12:15:02+00:00\",\"description\":\"Aper\u00e7u global des programmes de formation et coaching d'EnglishBooster pour booster ses comp\u00e9tences de communication \u00e0 l'oral en anglais\",\"breadcrumb\":{\"@id\":\"https:\/\/www.englishbooster.com\/fr\/offres\/programmes\/#breadcrumb\"},\"inLanguage\":\"fr-FR\",\"potentialAction\":[{\"@type\":\"ReadAction\",\"target\":[\"https:\/\/www.englishbooster.com\/fr\/offres\/programmes\/\"]}]},{\"@type\":\"BreadcrumbList\",\"@id\":\"https:\/\/www.englishbooster.com\/fr\/offres\/programmes\/#breadcrumb\",\"itemListElement\":[{\"@type\":\"ListItem\",\"position\":1,\"name\":\"Accueil\",\"item\":\"https:\/\/www.englishbooster.com\/fr\/\"},{\"@type\":\"ListItem\",\"position\":2,\"name\":\"Nos offres\",\"item\":\"https:\/\/www.englishbooster.com\/fr\/offres\/\"},{\"@type\":\"ListItem\",\"position\":3,\"name\":\"Les programmes\"}]},{\"@type\":\"WebSite\",\"@id\":\"https:\/\/www.englishbooster.com\/fr\/#website\",\"url\":\"https:\/\/www.englishbooster.com\/fr\/\",\"name\":\"English Booster\",\"description\":\"Formation &amp; Coaching | Prise de parole en anglais | Confiance \u00e0 l&#039;oral en anglais | R\u00e9unions, Calls, Pr\u00e9sentations en anglais\",\"potentialAction\":[{\"@type\":\"SearchAction\",\"target\":{\"@type\":\"EntryPoint\",\"urlTemplate\":\"https:\/\/www.englishbooster.com\/fr\/?s={search_term_string}\"},\"query-input\":\"required name=search_term_string\"}],\"inLanguage\":\"fr-FR\"}]}<\/script>\n<!-- \/ Yoast SEO plugin. -->","yoast_head_json":{"title":"Les programmes - English Booster","description":"Aper\u00e7u global des programmes de formation et coaching d'EnglishBooster pour booster ses comp\u00e9tences de communication \u00e0 l'oral en anglais","robots":{"index":"index","follow":"follow","max-snippet":"max-snippet:-1","max-image-preview":"max-image-preview:large","max-video-preview":"max-video-preview:-1"},"canonical":"https:\/\/www.englishbooster.com\/fr\/offres\/programmes\/","og_locale":"fr_FR","og_type":"article","og_title":"Les programmes - English Booster","og_description":"Aper\u00e7u global des programmes de formation et coaching d'EnglishBooster pour booster ses comp\u00e9tences de communication \u00e0 l'oral en anglais","og_url":"https:\/\/www.englishbooster.com\/fr\/offres\/programmes\/","og_site_name":"English Booster","article_modified_time":"2026-01-12T12:15:02+00:00","twitter_card":"summary_large_image","schema":{"@context":"https:\/\/schema.org","@graph":[{"@type":"WebPage","@id":"https:\/\/www.englishbooster.com\/fr\/offres\/programmes\/","url":"https:\/\/www.englishbooster.com\/fr\/offres\/programmes\/","name":"Les programmes - English Booster","isPartOf":{"@id":"https:\/\/www.englishbooster.com\/fr\/#website"},"datePublished":"2021-03-14T11:09:47+00:00","dateModified":"2026-01-12T12:15:02+00:00","description":"Aper\u00e7u global des programmes de formation et coaching d'EnglishBooster pour booster ses comp\u00e9tences de communication \u00e0 l'oral en anglais","breadcrumb":{"@id":"https:\/\/www.englishbooster.com\/fr\/offres\/programmes\/#breadcrumb"},"inLanguage":"fr-FR","potentialAction":[{"@type":"ReadAction","target":["https:\/\/www.englishbooster.com\/fr\/offres\/programmes\/"]}]},{"@type":"BreadcrumbList","@id":"https:\/\/www.englishbooster.com\/fr\/offres\/programmes\/#breadcrumb","itemListElement":[{"@type":"ListItem","position":1,"name":"Accueil","item":"https:\/\/www.englishbooster.com\/fr\/"},{"@type":"ListItem","position":2,"name":"Nos offres","item":"https:\/\/www.englishbooster.com\/fr\/offres\/"},{"@type":"ListItem","position":3,"name":"Les programmes"}]},{"@type":"WebSite","@id":"https:\/\/www.englishbooster.com\/fr\/#website","url":"https:\/\/www.englishbooster.com\/fr\/","name":"English Booster","description":"Formation &amp; Coaching | Prise de parole en anglais | Confiance \u00e0 l&#039;oral en anglais | R\u00e9unions, Calls, Pr\u00e9sentations en anglais","potentialAction":[{"@type":"SearchAction","target":{"@type":"EntryPoint","urlTemplate":"https:\/\/www.englishbooster.com\/fr\/?s={search_term_string}"},"query-input":"required name=search_term_string"}],"inLanguage":"fr-FR"}]}},"_links":{"self":[{"href":"https:\/\/www.englishbooster.com\/fr\/wp-json\/wp\/v2\/pages\/127"}],"collection":[{"href":"https:\/\/www.englishbooster.com\/fr\/wp-json\/wp\/v2\/pages"}],"about":[{"href":"https:\/\/www.englishbooster.com\/fr\/wp-json\/wp\/v2\/types\/page"}],"author":[{"embeddable":true,"href":"https:\/\/www.englishbooster.com\/fr\/wp-json\/wp\/v2\/users\/1"}],"replies":[{"embeddable":true,"href":"https:\/\/www.englishbooster.com\/fr\/wp-json\/wp\/v2\/comments?post=127"}],"version-history":[{"count":36,"href":"https:\/\/www.englishbooster.com\/fr\/wp-json\/wp\/v2\/pages\/127\/revisions"}],"predecessor-version":[{"id":1986,"href":"https:\/\/www.englishbooster.com\/fr\/wp-json\/wp\/v2\/pages\/127\/revisions\/1986"}],"up":[{"embeddable":true,"href":"https:\/\/www.englishbooster.com\/fr\/wp-json\/wp\/v2\/pages\/15"}],"wp:attachment":[{"href":"https:\/\/www.englishbooster.com\/fr\/wp-json\/wp\/v2\/media?parent=127"}],"curies":[{"name":"wp","href":"https:\/\/api.w.org\/{rel}","templated":true}]}}