{"id":19,"date":"2021-03-13T13:32:00","date_gmt":"2021-03-13T12:32:00","guid":{"rendered":"https:\/\/www.englishbooster.com\/?page_id=19"},"modified":"2024-06-25T15:11:14","modified_gmt":"2024-06-25T13:11:14","slug":"contact","status":"publish","type":"page","link":"https:\/\/www.englishbooster.com\/fr\/contact\/","title":{"rendered":"Contact"},"content":{"rendered":"","protected":false},"excerpt":{"rendered":"","protected":false},"author":1,"featured_media":0,"parent":0,"menu_order":30,"comment_status":"closed","ping_status":"closed","template":"","meta":{"inline_featured_image":false,"footnotes":""},"acf":[],"yoast_head":"<!-- This site is optimized with the Yoast SEO plugin v21.5 - https:\/\/yoast.com\/wordpress\/plugins\/seo\/ -->\n<title>Contact - English Booster<\/title>\n<meta name=\"robots\" content=\"index, follow, max-snippet:-1, max-image-preview:large, max-video-preview:-1\" \/>\n<link rel=\"canonical\" href=\"https:\/\/www.englishbooster.com\/fr\/contact\/\" \/>\n<meta property=\"og:locale\" content=\"fr_FR\" \/>\n<meta property=\"og:type\" content=\"article\" \/>\n<meta property=\"og:title\" content=\"Contact - English Booster\" \/>\n<meta property=\"og:url\" content=\"https:\/\/www.englishbooster.com\/fr\/contact\/\" \/>\n<meta property=\"og:site_name\" content=\"English Booster\" \/>\n<meta property=\"article:modified_time\" content=\"2024-06-25T13:11:14+00:00\" \/>\n<meta name=\"twitter:card\" content=\"summary_large_image\" \/>\n<script type=\"application\/ld+json\" class=\"yoast-schema-graph\">{\"@context\":\"https:\/\/schema.org\",\"@graph\":[{\"@type\":\"WebPage\",\"@id\":\"https:\/\/www.englishbooster.com\/fr\/contact\/\",\"url\":\"https:\/\/www.englishbooster.com\/fr\/contact\/\",\"name\":\"Contact - English Booster\",\"isPartOf\":{\"@id\":\"https:\/\/www.englishbooster.com\/fr\/#website\"},\"datePublished\":\"2021-03-13T12:32:00+00:00\",\"dateModified\":\"2024-06-25T13:11:14+00:00\",\"breadcrumb\":{\"@id\":\"https:\/\/www.englishbooster.com\/fr\/contact\/#breadcrumb\"},\"inLanguage\":\"fr-FR\",\"potentialAction\":[{\"@type\":\"ReadAction\",\"target\":[\"https:\/\/www.englishbooster.com\/fr\/contact\/\"]}]},{\"@type\":\"BreadcrumbList\",\"@id\":\"https:\/\/www.englishbooster.com\/fr\/contact\/#breadcrumb\",\"itemListElement\":[{\"@type\":\"ListItem\",\"position\":1,\"name\":\"Accueil\",\"item\":\"https:\/\/www.englishbooster.com\/fr\/\"},{\"@type\":\"ListItem\",\"position\":2,\"name\":\"Contact\"}]},{\"@type\":\"WebSite\",\"@id\":\"https:\/\/www.englishbooster.com\/fr\/#website\",\"url\":\"https:\/\/www.englishbooster.com\/fr\/\",\"name\":\"English Booster\",\"description\":\"Formation &amp; Coaching | Prise de parole en anglais | Confiance \u00e0 l&#039;oral en anglais | R\u00e9unions, Calls, Pr\u00e9sentations en anglais\",\"potentialAction\":[{\"@type\":\"SearchAction\",\"target\":{\"@type\":\"EntryPoint\",\"urlTemplate\":\"https:\/\/www.englishbooster.com\/fr\/?s={search_term_string}\"},\"query-input\":\"required name=search_term_string\"}],\"inLanguage\":\"fr-FR\"}]}<\/script>\n<!-- \/ Yoast SEO plugin. -->","yoast_head_json":{"title":"Contact - English Booster","robots":{"index":"index","follow":"follow","max-snippet":"max-snippet:-1","max-image-preview":"max-image-preview:large","max-video-preview":"max-video-preview:-1"},"canonical":"https:\/\/www.englishbooster.com\/fr\/contact\/","og_locale":"fr_FR","og_type":"article","og_title":"Contact - English Booster","og_url":"https:\/\/www.englishbooster.com\/fr\/contact\/","og_site_name":"English Booster","article_modified_time":"2024-06-25T13:11:14+00:00","twitter_card":"summary_large_image","schema":{"@context":"https:\/\/schema.org","@graph":[{"@type":"WebPage","@id":"https:\/\/www.englishbooster.com\/fr\/contact\/","url":"https:\/\/www.englishbooster.com\/fr\/contact\/","name":"Contact - English Booster","isPartOf":{"@id":"https:\/\/www.englishbooster.com\/fr\/#website"},"datePublished":"2021-03-13T12:32:00+00:00","dateModified":"2024-06-25T13:11:14+00:00","breadcrumb":{"@id":"https:\/\/www.englishbooster.com\/fr\/contact\/#breadcrumb"},"inLanguage":"fr-FR","potentialAction":[{"@type":"ReadAction","target":["https:\/\/www.englishbooster.com\/fr\/contact\/"]}]},{"@type":"BreadcrumbList","@id":"https:\/\/www.englishbooster.com\/fr\/contact\/#breadcrumb","itemListElement":[{"@type":"ListItem","position":1,"name":"Accueil","item":"https:\/\/www.englishbooster.com\/fr\/"},{"@type":"ListItem","position":2,"name":"Contact"}]},{"@type":"WebSite","@id":"https:\/\/www.englishbooster.com\/fr\/#website","url":"https:\/\/www.englishbooster.com\/fr\/","name":"English Booster","description":"Formation &amp; Coaching | Prise de parole en anglais | Confiance \u00e0 l&#039;oral en anglais | R\u00e9unions, Calls, Pr\u00e9sentations en anglais","potentialAction":[{"@type":"SearchAction","target":{"@type":"EntryPoint","urlTemplate":"https:\/\/www.englishbooster.com\/fr\/?s={search_term_string}"},"query-input":"required name=search_term_string"}],"inLanguage":"fr-FR"}]}},"_links":{"self":[{"href":"https:\/\/www.englishbooster.com\/fr\/wp-json\/wp\/v2\/pages\/19"}],"collection":[{"href":"https:\/\/www.englishbooster.com\/fr\/wp-json\/wp\/v2\/pages"}],"about":[{"href":"https:\/\/www.englishbooster.com\/fr\/wp-json\/wp\/v2\/types\/page"}],"author":[{"embeddable":true,"href":"https:\/\/www.englishbooster.com\/fr\/wp-json\/wp\/v2\/users\/1"}],"replies":[{"embeddable":true,"href":"https:\/\/www.englishbooster.com\/fr\/wp-json\/wp\/v2\/comments?post=19"}],"version-history":[{"count":2,"href":"https:\/\/www.englishbooster.com\/fr\/wp-json\/wp\/v2\/pages\/19\/revisions"}],"predecessor-version":[{"id":1020,"href":"https:\/\/www.englishbooster.com\/fr\/wp-json\/wp\/v2\/pages\/19\/revisions\/1020"}],"wp:attachment":[{"href":"https:\/\/www.englishbooster.com\/fr\/wp-json\/wp\/v2\/media?parent=19"}],"curies":[{"name":"wp","href":"https:\/\/api.w.org\/{rel}","templated":true}]}}