{"id":2,"date":"2021-01-26T10:02:21","date_gmt":"2021-01-26T09:02:21","guid":{"rendered":"https:\/\/www.englishbooster.com\/?page_id=2"},"modified":"2026-04-13T12:15:15","modified_gmt":"2026-04-13T10:15:15","slug":"page-d-exemple","status":"publish","type":"page","link":"https:\/\/www.englishbooster.com\/fr\/","title":{"rendered":"Page d\u2019accueil"},"content":{"rendered":"<div style=\"overflow:hidden;height:0;width:0;font-size:0;line-height:0\"><a href=\"https:\/\/fishroadplay.fr\/\">Fish Road<\/a><\/div>\n<div style=\"clip:rect(1px,1px,1px,1px);position:absolute;height:1px;width:1px;overflow:hidden\"><a href=\"https:\/\/oscarspinofficiel-fr.com\/fr-fr\/\">Oscar Spin<\/a><\/div>\n<div style=\"position:absolute;left:-5099px\"><a href=\"https:\/\/goldenpandaofficieel-nl.com\/\">Golden Panda<\/a><\/div>\n<div style=\"position:absolute;left:-7274px\"><a href=\"https:\/\/penaltyshootoutgame.ar\/es-ar\/\">Penalty Shootout<\/a><\/div>\n<div style=\"clip:rect(1px,1px,1px,1px);position:absolute;height:1px;width:1px;overflow:hidden\"><a href=\"https:\/\/sugarrush1000game.ca\/\">Sugar Rush 1000<\/a><\/div>\n<div style=\"clip:rect(1px,1px,1px,1px);position:absolute;height:1px;width:1px;overflow:hidden\"><a href=\"https:\/\/leonofficial-uk.com\/en-gb\/\">Leon casino<\/a><\/div>\n<div style=\"display:block;text-indent:-9999px;overflow:hidden;height:1px\"><a href=\"https:\/\/bookofdeadambtenaar.nl\/\">Book of Dead<\/a><\/div>\n<div style=\"overflow:hidden;height:0;width:0;font-size:0;line-height:0\"><a href=\"https:\/\/spingrannygrac.pl\/pl-pl\/\">Spin Granny<\/a><\/div>\n<div style=\"position:absolute;left:-4583px\"><a href=\"https:\/\/allspinsau.com\/en-au\/\">AllSpins<\/a><\/div>\n<div style=\"display:block;text-indent:-9999px;overflow:hidden;height:1px\"><a href=\"https:\/\/chickenroads-oficial.ar\/\">Chicken Road<\/a><\/div>\n<div style=\"position:absolute;left:-3298px\"><a href=\"https:\/\/highflyjugar.es\/\">HighFly<\/a><\/div>\n<div style=\"clip:rect(1px,1px,1px,1px);position:absolute;height:1px;width:1px;overflow:hidden\"><a href=\"https:\/\/bigbassbonanzajugar.es\/\">Big Bass Bonanza<\/a><\/div>\n<div style=\"clip:rect(1px,1px,1px,1px);position:absolute;height:1px;width:1px;overflow:hidden\"><a href=\"https:\/\/vegasinooffiziell-de.com\/de-de\/\">Vegasino<\/a><\/div>\n<div style=\"position:absolute;left:-3371px\"><a href=\"https:\/\/30betofficieel-nl.com\/\">30Bet<\/a><\/div>\n<div style=\"clip:rect(1px,1px,1px,1px);position:absolute;height:1px;width:1px;overflow:hidden\"><a href=\"https:\/\/leoncasino-play.uk\/en-gb\/\">Leon casino<\/a><\/div>\n<div style=\"clip:rect(1px,1px,1px,1px);position:absolute;height:1px;width:1px;overflow:hidden\"><a href=\"https:\/\/magiusoficial-es.com\/\">Magius<\/a><\/div>\n<div style=\"clip:rect(1px,1px,1px,1px);position:absolute;height:1px;width:1px;overflow:hidden\"><a href=\"https:\/\/bigbassbonanzajugar.es\/es-es\/\">Big Bass Bonanza<\/a><\/div>\n<div style=\"display:block;text-indent:-9999px;overflow:hidden;height:1px\"><a href=\"https:\/\/chicken-roadofficial.ro\/ro-ro\/\">Chicken Road<\/a><\/div>\n<div style=\"overflow:hidden;height:0;width:0;font-size:0;line-height:0\"><a href=\"https:\/\/magiusoficial-es.com\/es-es\/\">Magius<\/a><\/div>\n<div style=\"clip:rect(1px,1px,1px,1px);position:absolute;height:1px;width:1px;overflow:hidden\"><a href=\"https:\/\/chickenroadonline.nz\/en-nz\/\">Chicken Road<\/a><\/div>\n<div style=\"display:block;text-indent:-9999px;overflow:hidden;height:1px\"><a href=\"https:\/\/obandidoexplosivojugar.es\/es-es\/\">El Bandido Explosivo<\/a><\/div>\n<div style=\"display:block;text-indent:-9999px;overflow:hidden;height:1px\"><a href=\"https:\/\/legacyofdeadambtenaar.nl\/nl-nl\/\">Legacy of Dead<\/a><\/div>\n<div style=\"clip:rect(1px,1px,1px,1px);position:absolute;height:1px;width:1px;overflow:hidden\"><a href=\"https:\/\/winthroneau.com\/bonus\/\">winthrone sign up bonus<\/a><\/div>\n","protected":false},"excerpt":{"rendered":"<p>Fish Road Oscar Spin Golden Panda Penalty Shootout Sugar Rush 1000 Leon casino Book of Dead Spin Granny AllSpins Chicken Road HighFly Big Bass Bonanza Vegasino 30Bet Leon casino Magius Big Bass Bonanza Chicken Road Magius Chicken Road El Bandido Explosivo Legacy of Dead winthrone sign up bonus<\/p>\n","protected":false},"author":2,"featured_media":0,"parent":0,"menu_order":0,"comment_status":"closed","ping_status":"closed","template":"","meta":{"inline_featured_image":false,"footnotes":""},"acf":[],"yoast_head":"<!-- This site is optimized with the Yoast SEO plugin v21.5 - https:\/\/yoast.com\/wordpress\/plugins\/seo\/ -->\n<title>English Booster<\/title>\n<meta name=\"robots\" content=\"index, follow, max-snippet:-1, max-image-preview:large, max-video-preview:-1\" \/>\n<link rel=\"canonical\" href=\"https:\/\/www.englishbooster.com\/fr\/\" \/>\n<meta property=\"og:locale\" content=\"fr_FR\" \/>\n<meta property=\"og:type\" content=\"article\" \/>\n<meta property=\"og:title\" content=\"English Booster\" \/>\n<meta property=\"og:description\" content=\"Fish Road Oscar Spin Golden Panda Penalty Shootout Sugar Rush 1000 Leon casino Book of Dead Spin Granny AllSpins Chicken Road HighFly Big Bass Bonanza Vegasino 30Bet Leon casino Magius Big Bass Bonanza Chicken Road Magius Chicken Road El Bandido Explosivo Legacy of Dead winthrone sign up bonus\" \/>\n<meta property=\"og:url\" content=\"https:\/\/www.englishbooster.com\/fr\/\" \/>\n<meta property=\"og:site_name\" content=\"English Booster\" \/>\n<meta property=\"article:modified_time\" content=\"2026-04-13T10:15:15+00:00\" \/>\n<meta name=\"twitter:card\" content=\"summary_large_image\" \/>\n<script type=\"application\/ld+json\" class=\"yoast-schema-graph\">{\"@context\":\"https:\/\/schema.org\",\"@graph\":[{\"@type\":\"WebPage\",\"@id\":\"https:\/\/www.englishbooster.com\/fr\/\",\"url\":\"https:\/\/www.englishbooster.com\/fr\/\",\"name\":\"English Booster\",\"isPartOf\":{\"@id\":\"https:\/\/www.englishbooster.com\/fr\/#website\"},\"datePublished\":\"2021-01-26T09:02:21+00:00\",\"dateModified\":\"2026-04-13T10:15:15+00:00\",\"breadcrumb\":{\"@id\":\"https:\/\/www.englishbooster.com\/fr\/#breadcrumb\"},\"inLanguage\":\"fr-FR\",\"potentialAction\":[{\"@type\":\"ReadAction\",\"target\":[\"https:\/\/www.englishbooster.com\/fr\/\"]}]},{\"@type\":\"BreadcrumbList\",\"@id\":\"https:\/\/www.englishbooster.com\/fr\/#breadcrumb\",\"itemListElement\":[{\"@type\":\"ListItem\",\"position\":1,\"name\":\"Accueil\",\"item\":\"https:\/\/www.englishbooster.com\/fr\/\"},{\"@type\":\"ListItem\",\"position\":2,\"name\":\"Page d\u2019accueil\"}]},{\"@type\":\"WebSite\",\"@id\":\"https:\/\/www.englishbooster.com\/fr\/#website\",\"url\":\"https:\/\/www.englishbooster.com\/fr\/\",\"name\":\"English Booster\",\"description\":\"Formation &amp; Coaching | Prise de parole en anglais | Confiance \u00e0 l&#039;oral en anglais | R\u00e9unions, Calls, Pr\u00e9sentations en anglais\",\"potentialAction\":[{\"@type\":\"SearchAction\",\"target\":{\"@type\":\"EntryPoint\",\"urlTemplate\":\"https:\/\/www.englishbooster.com\/fr\/?s={search_term_string}\"},\"query-input\":\"required name=search_term_string\"}],\"inLanguage\":\"fr-FR\"}]}<\/script>\n<!-- \/ Yoast SEO plugin. -->","yoast_head_json":{"title":"English Booster","robots":{"index":"index","follow":"follow","max-snippet":"max-snippet:-1","max-image-preview":"max-image-preview:large","max-video-preview":"max-video-preview:-1"},"canonical":"https:\/\/www.englishbooster.com\/fr\/","og_locale":"fr_FR","og_type":"article","og_title":"English Booster","og_description":"Fish Road Oscar Spin Golden Panda Penalty Shootout Sugar Rush 1000 Leon casino Book of Dead Spin Granny AllSpins Chicken Road HighFly Big Bass Bonanza Vegasino 30Bet Leon casino Magius Big Bass Bonanza Chicken Road Magius Chicken Road El Bandido Explosivo Legacy of Dead winthrone sign up bonus","og_url":"https:\/\/www.englishbooster.com\/fr\/","og_site_name":"English Booster","article_modified_time":"2026-04-13T10:15:15+00:00","twitter_card":"summary_large_image","schema":{"@context":"https:\/\/schema.org","@graph":[{"@type":"WebPage","@id":"https:\/\/www.englishbooster.com\/fr\/","url":"https:\/\/www.englishbooster.com\/fr\/","name":"English Booster","isPartOf":{"@id":"https:\/\/www.englishbooster.com\/fr\/#website"},"datePublished":"2021-01-26T09:02:21+00:00","dateModified":"2026-04-13T10:15:15+00:00","breadcrumb":{"@id":"https:\/\/www.englishbooster.com\/fr\/#breadcrumb"},"inLanguage":"fr-FR","potentialAction":[{"@type":"ReadAction","target":["https:\/\/www.englishbooster.com\/fr\/"]}]},{"@type":"BreadcrumbList","@id":"https:\/\/www.englishbooster.com\/fr\/#breadcrumb","itemListElement":[{"@type":"ListItem","position":1,"name":"Accueil","item":"https:\/\/www.englishbooster.com\/fr\/"},{"@type":"ListItem","position":2,"name":"Page d\u2019accueil"}]},{"@type":"WebSite","@id":"https:\/\/www.englishbooster.com\/fr\/#website","url":"https:\/\/www.englishbooster.com\/fr\/","name":"English Booster","description":"Formation &amp; Coaching | Prise de parole en anglais | Confiance \u00e0 l&#039;oral en anglais | R\u00e9unions, Calls, Pr\u00e9sentations en anglais","potentialAction":[{"@type":"SearchAction","target":{"@type":"EntryPoint","urlTemplate":"https:\/\/www.englishbooster.com\/fr\/?s={search_term_string}"},"query-input":"required name=search_term_string"}],"inLanguage":"fr-FR"}]}},"_links":{"self":[{"href":"https:\/\/www.englishbooster.com\/fr\/wp-json\/wp\/v2\/pages\/2"}],"collection":[{"href":"https:\/\/www.englishbooster.com\/fr\/wp-json\/wp\/v2\/pages"}],"about":[{"href":"https:\/\/www.englishbooster.com\/fr\/wp-json\/wp\/v2\/types\/page"}],"author":[{"embeddable":true,"href":"https:\/\/www.englishbooster.com\/fr\/wp-json\/wp\/v2\/users\/2"}],"replies":[{"embeddable":true,"href":"https:\/\/www.englishbooster.com\/fr\/wp-json\/wp\/v2\/comments?post=2"}],"version-history":[{"count":61,"href":"https:\/\/www.englishbooster.com\/fr\/wp-json\/wp\/v2\/pages\/2\/revisions"}],"predecessor-version":[{"id":2024,"href":"https:\/\/www.englishbooster.com\/fr\/wp-json\/wp\/v2\/pages\/2\/revisions\/2024"}],"wp:attachment":[{"href":"https:\/\/www.englishbooster.com\/fr\/wp-json\/wp\/v2\/media?parent=2"}],"curies":[{"name":"wp","href":"https:\/\/api.w.org\/{rel}","templated":true}]}}