{"id":580,"date":"2021-05-15T09:40:23","date_gmt":"2021-05-15T07:40:23","guid":{"rendered":"https:\/\/www.englishbooster.com\/?page_id=580"},"modified":"2026-01-12T12:50:06","modified_gmt":"2026-01-12T11:50:06","slug":"dry-runs","status":"publish","type":"page","link":"https:\/\/www.englishbooster.com\/fr\/offres\/programmes\/dry-runs\/","title":{"rendered":"DRY RUNS"},"content":{"rendered":"","protected":false},"excerpt":{"rendered":"","protected":false},"author":2,"featured_media":0,"parent":127,"menu_order":0,"comment_status":"closed","ping_status":"closed","template":"","meta":{"inline_featured_image":false,"footnotes":""},"acf":[],"yoast_head":"<!-- This site is optimized with the Yoast SEO plugin v21.5 - https:\/\/yoast.com\/wordpress\/plugins\/seo\/ -->\n<title>DRY RUNS - English Booster<\/title>\n<meta name=\"description\" content=\"Formation et coaching pour prendre la parole en anglais avec confiance, clart\u00e9 et impact \u00b7 PRESENTATION ORALE \u00b7 PRISE DE PAROLE \u00b7 ANGLAIS\" \/>\n<meta name=\"robots\" content=\"index, follow, max-snippet:-1, max-image-preview:large, max-video-preview:-1\" \/>\n<link rel=\"canonical\" href=\"https:\/\/www.englishbooster.com\/fr\/offres\/programmes\/dry-runs\/\" \/>\n<meta property=\"og:locale\" content=\"fr_FR\" \/>\n<meta property=\"og:type\" content=\"article\" \/>\n<meta property=\"og:title\" content=\"DRY RUNS - English Booster\" \/>\n<meta property=\"og:description\" content=\"Formation et coaching pour prendre la parole en anglais avec confiance, clart\u00e9 et impact \u00b7 PRESENTATION ORALE \u00b7 PRISE DE PAROLE \u00b7 ANGLAIS\" \/>\n<meta property=\"og:url\" content=\"https:\/\/www.englishbooster.com\/fr\/offres\/programmes\/dry-runs\/\" \/>\n<meta property=\"og:site_name\" content=\"English Booster\" \/>\n<meta property=\"article:modified_time\" content=\"2026-01-12T11:50:06+00:00\" \/>\n<meta name=\"twitter:card\" content=\"summary_large_image\" \/>\n<script type=\"application\/ld+json\" class=\"yoast-schema-graph\">{\"@context\":\"https:\/\/schema.org\",\"@graph\":[{\"@type\":\"WebPage\",\"@id\":\"https:\/\/www.englishbooster.com\/fr\/offres\/programmes\/dry-runs\/\",\"url\":\"https:\/\/www.englishbooster.com\/fr\/offres\/programmes\/dry-runs\/\",\"name\":\"DRY RUNS - English Booster\",\"isPartOf\":{\"@id\":\"https:\/\/www.englishbooster.com\/fr\/#website\"},\"datePublished\":\"2021-05-15T07:40:23+00:00\",\"dateModified\":\"2026-01-12T11:50:06+00:00\",\"description\":\"Formation et coaching pour prendre la parole en anglais avec confiance, clart\u00e9 et impact \u00b7 PRESENTATION ORALE \u00b7 PRISE DE PAROLE \u00b7 ANGLAIS\",\"breadcrumb\":{\"@id\":\"https:\/\/www.englishbooster.com\/fr\/offres\/programmes\/dry-runs\/#breadcrumb\"},\"inLanguage\":\"fr-FR\",\"potentialAction\":[{\"@type\":\"ReadAction\",\"target\":[\"https:\/\/www.englishbooster.com\/fr\/offres\/programmes\/dry-runs\/\"]}]},{\"@type\":\"BreadcrumbList\",\"@id\":\"https:\/\/www.englishbooster.com\/fr\/offres\/programmes\/dry-runs\/#breadcrumb\",\"itemListElement\":[{\"@type\":\"ListItem\",\"position\":1,\"name\":\"Accueil\",\"item\":\"https:\/\/www.englishbooster.com\/fr\/\"},{\"@type\":\"ListItem\",\"position\":2,\"name\":\"Nos offres\",\"item\":\"https:\/\/www.englishbooster.com\/fr\/offres\/\"},{\"@type\":\"ListItem\",\"position\":3,\"name\":\"Les programmes\",\"item\":\"https:\/\/www.englishbooster.com\/fr\/offres\/programmes\/\"},{\"@type\":\"ListItem\",\"position\":4,\"name\":\"DRY RUNS\"}]},{\"@type\":\"WebSite\",\"@id\":\"https:\/\/www.englishbooster.com\/fr\/#website\",\"url\":\"https:\/\/www.englishbooster.com\/fr\/\",\"name\":\"English Booster\",\"description\":\"Formation &amp; Coaching | Prise de parole en anglais | Confiance \u00e0 l&#039;oral en anglais | R\u00e9unions, Calls, Pr\u00e9sentations en anglais\",\"potentialAction\":[{\"@type\":\"SearchAction\",\"target\":{\"@type\":\"EntryPoint\",\"urlTemplate\":\"https:\/\/www.englishbooster.com\/fr\/?s={search_term_string}\"},\"query-input\":\"required name=search_term_string\"}],\"inLanguage\":\"fr-FR\"}]}<\/script>\n<!-- \/ Yoast SEO plugin. -->","yoast_head_json":{"title":"DRY RUNS - English Booster","description":"Formation et coaching pour prendre la parole en anglais avec confiance, clart\u00e9 et impact \u00b7 PRESENTATION ORALE \u00b7 PRISE DE PAROLE \u00b7 ANGLAIS","robots":{"index":"index","follow":"follow","max-snippet":"max-snippet:-1","max-image-preview":"max-image-preview:large","max-video-preview":"max-video-preview:-1"},"canonical":"https:\/\/www.englishbooster.com\/fr\/offres\/programmes\/dry-runs\/","og_locale":"fr_FR","og_type":"article","og_title":"DRY RUNS - English Booster","og_description":"Formation et coaching pour prendre la parole en anglais avec confiance, clart\u00e9 et impact \u00b7 PRESENTATION ORALE \u00b7 PRISE DE PAROLE \u00b7 ANGLAIS","og_url":"https:\/\/www.englishbooster.com\/fr\/offres\/programmes\/dry-runs\/","og_site_name":"English Booster","article_modified_time":"2026-01-12T11:50:06+00:00","twitter_card":"summary_large_image","schema":{"@context":"https:\/\/schema.org","@graph":[{"@type":"WebPage","@id":"https:\/\/www.englishbooster.com\/fr\/offres\/programmes\/dry-runs\/","url":"https:\/\/www.englishbooster.com\/fr\/offres\/programmes\/dry-runs\/","name":"DRY RUNS - English Booster","isPartOf":{"@id":"https:\/\/www.englishbooster.com\/fr\/#website"},"datePublished":"2021-05-15T07:40:23+00:00","dateModified":"2026-01-12T11:50:06+00:00","description":"Formation et coaching pour prendre la parole en anglais avec confiance, clart\u00e9 et impact \u00b7 PRESENTATION ORALE \u00b7 PRISE DE PAROLE \u00b7 ANGLAIS","breadcrumb":{"@id":"https:\/\/www.englishbooster.com\/fr\/offres\/programmes\/dry-runs\/#breadcrumb"},"inLanguage":"fr-FR","potentialAction":[{"@type":"ReadAction","target":["https:\/\/www.englishbooster.com\/fr\/offres\/programmes\/dry-runs\/"]}]},{"@type":"BreadcrumbList","@id":"https:\/\/www.englishbooster.com\/fr\/offres\/programmes\/dry-runs\/#breadcrumb","itemListElement":[{"@type":"ListItem","position":1,"name":"Accueil","item":"https:\/\/www.englishbooster.com\/fr\/"},{"@type":"ListItem","position":2,"name":"Nos offres","item":"https:\/\/www.englishbooster.com\/fr\/offres\/"},{"@type":"ListItem","position":3,"name":"Les programmes","item":"https:\/\/www.englishbooster.com\/fr\/offres\/programmes\/"},{"@type":"ListItem","position":4,"name":"DRY RUNS"}]},{"@type":"WebSite","@id":"https:\/\/www.englishbooster.com\/fr\/#website","url":"https:\/\/www.englishbooster.com\/fr\/","name":"English Booster","description":"Formation &amp; Coaching | Prise de parole en anglais | Confiance \u00e0 l&#039;oral en anglais | R\u00e9unions, Calls, Pr\u00e9sentations en anglais","potentialAction":[{"@type":"SearchAction","target":{"@type":"EntryPoint","urlTemplate":"https:\/\/www.englishbooster.com\/fr\/?s={search_term_string}"},"query-input":"required name=search_term_string"}],"inLanguage":"fr-FR"}]}},"_links":{"self":[{"href":"https:\/\/www.englishbooster.com\/fr\/wp-json\/wp\/v2\/pages\/580"}],"collection":[{"href":"https:\/\/www.englishbooster.com\/fr\/wp-json\/wp\/v2\/pages"}],"about":[{"href":"https:\/\/www.englishbooster.com\/fr\/wp-json\/wp\/v2\/types\/page"}],"author":[{"embeddable":true,"href":"https:\/\/www.englishbooster.com\/fr\/wp-json\/wp\/v2\/users\/2"}],"replies":[{"embeddable":true,"href":"https:\/\/www.englishbooster.com\/fr\/wp-json\/wp\/v2\/comments?post=580"}],"version-history":[{"count":25,"href":"https:\/\/www.englishbooster.com\/fr\/wp-json\/wp\/v2\/pages\/580\/revisions"}],"predecessor-version":[{"id":1975,"href":"https:\/\/www.englishbooster.com\/fr\/wp-json\/wp\/v2\/pages\/580\/revisions\/1975"}],"up":[{"embeddable":true,"href":"https:\/\/www.englishbooster.com\/fr\/wp-json\/wp\/v2\/pages\/127"}],"wp:attachment":[{"href":"https:\/\/www.englishbooster.com\/fr\/wp-json\/wp\/v2\/media?parent=580"}],"curies":[{"name":"wp","href":"https:\/\/api.w.org\/{rel}","templated":true}]}}